{"id":133,"date":"2025-07-07T23:47:30","date_gmt":"2025-07-07T21:47:30","guid":{"rendered":"https:\/\/katiatupediatra.es\/?page_id=133"},"modified":"2026-02-15T13:48:08","modified_gmt":"2026-02-15T11:48:08","slug":"contacto","status":"publish","type":"page","link":"https:\/\/katiatupediatra.es\/en\/contacto\/","title":{"rendered":"Contact"},"content":{"rendered":"\t\t<div data-elementor-type=\"wp-page\" data-elementor-id=\"133\" class=\"elementor elementor-133\" data-elementor-post-type=\"page\">\n\t\t\t\t<div class=\"elementor-element elementor-element-c2af417 e-con-full e-flex e-con e-parent\" data-id=\"c2af417\" data-element_type=\"container\" data-e-type=\"container\">\n\t\t\t\t<div class=\"elementor-element elementor-element-bd61a3b elementor-widget elementor-widget-html\" data-id=\"bd61a3b\" data-element_type=\"widget\" data-e-type=\"widget\" data-widget_type=\"html.default\">\n\t\t\t\t<div class=\"elementor-widget-container\">\n\t\t\t\t\t<section style=\"padding: 60px 20px; center top \/ 180px repeat, linear-gradient(135deg, #f2f7fb, #e0f4f4); font-family:'Segoe UI',sans-serif; color:#333;\">\r\n\r\n  <!-- Imagen invisible para SEO -->\r\n  <img decoding=\"async\" src=\"https:\/\/katiatupediatra.es\/wp-content\/uploads\/2025\/07\/manitos-pastel-marco.png\" alt=\"contacto pediatra en Gran Alacant\" style=\"display:none;\" \/>\r\n\r\n  <div style=\"max-width:960px; margin:auto; background:rgba(255,255,255,0.95); padding:40px 20px; border-radius:16px; box-shadow:0 4px 12px rgba(0,0,0,0.05); text-align:center;\">\r\n\r\n    <h2 style=\"font-size:2em; margin-bottom:25px;\">\ud83d\udcde Pediatr\u00eda en Gran Alacant, Arenales y Santa Pola Contacta con la Dra. Katia Herrera<\/h2>\r\n\r\n    <p style=\"max-width:700px; margin:0 auto 30px; font-size:0.95rem;\">\r\n      \u00bfEst\u00e1s buscando una <strong>pediatra <\/strong> para una consulta m\u00e9dica de calidad, cercana y flexible? A continuaci\u00f3n, te dejo todas las formas para ponerte en contacto conmigo.\r\n    <\/p>\r\n\r\n    <!-- Botones de contacto con mismo ancho -->\r\n<div style=\"display:flex; justify-content:center; gap:20px; flex-wrap:wrap; margin-bottom:25px;\">\r\n\r\n  <a href=\"https:\/\/wa.me\/34696758906\" target=\"_blank\" aria-label=\"Contactar por WhatsApp\" style=\"background-color:#25D366; color:white; padding:12px 24px; border-radius:30px; text-decoration:none; font-weight:bold; font-size:1rem; min-width:180px; text-align:center; display:flex; align-items:center; justify-content:center; gap:10px;\" rel=\"noopener\">\r\n    <span style=\"font-size:1.2rem;\">\ud83d\udcf1<\/span> WhatsApp\r\n  <\/a>\r\n\r\n  <a href=\"mailto:contacto@katiatupediatra.es\" aria-label=\"Enviar correo a contacto@katiatupediatra.es\"\r\n     style=\"background-color:#007B8A; color:white; padding:12px 24px; border-radius:30px; text-decoration:none; font-weight:bold; font-size:1rem; min-width:180px; text-align:center; display:flex; align-items:center; justify-content:center; gap:10px;\">\r\n    <span style=\"font-size:1.2rem;\">\u2709\ufe0f<\/span> Email\r\n  <\/a>\r\n\r\n<\/div>\r\n\r\n\r\n    <!-- Frase destacada -->\r\n    <div style=\"margin: 25px 0 0;\">\r\n      <p style=\"font-size:1rem; font-weight:bold; letter-spacing:1px; color:#007B8A; text-transform:uppercase;\">Atenci\u00f3n en todo Gran Alacant, Arenales del sol y santa pola.<\/p>\r\n      <p style=\"font-size:0.9rem; color:#555;\">(Provincia de Alicante, Espa\u00f1a)<\/p>\r\n    <\/div>\r\n\r\n  <\/div>\r\n\r\n  <!-- Informaci\u00f3n adicional -->\r\n  <div style=\"max-width:960px; margin:30px auto 0 auto; background:rgba(255,255,255,0.95); padding:30px 20px; border-radius:16px; box-shadow:0 4px 12px rgba(0,0,0,0.05); font-size:0.95rem; line-height:1.6;\">\r\n\r\n    <h3 style=\"color:#007B8A; font-size:1.2em;\">\ud83d\udcac Contacto directo con tu pediatra en Gran Alacant<\/h3>\r\n\r\n    <p>Si tienes preguntas frecuentes, tambi\u00e9n puedes consultar la secci\u00f3n de <a href=\"https:\/\/katiatupediatra.es\/es_es\/preguntas_frecuentes\/\" style=\"color:#007B8A; text-decoration:underline;\">FAQ<\/a>, donde encontrar\u00e1s respuestas claras sobre el funcionamiento de las consultas.<\/p>\r\n\r\n    <p>Mi compromiso como <strong>pediatra en Gran Alacant<\/strong> es ofrecer una atenci\u00f3n profesional, cercana y adaptada a cada familia. Puedes contactarme por los medios indicados para reservar una consulta a domicilio o por videollamada.<\/p>\r\n\r\n    <p>Trabajo con cita previa para garantizar que cada familia reciba el tiempo y la atenci\u00f3n que merece. Si tienes una urgencia leve o necesitas una segunda opini\u00f3n, puedo orientarte por videollamada o visitarte en casa.<\/p>\r\n\r\n    <p>Muchos padres en Gran Alacant valoran la tranquilidad de tener una <strong>pediatra de confianza<\/strong> disponible, sin tener que desplazarse al centro de salud. Estoy aqu\u00ed para ayudarte, escucharte y resolver tus dudas con empat\u00eda y claridad.<\/p>\r\n\r\n    <p>Recuerda que mi objetivo es acompa\u00f1arte en cada etapa del desarrollo de tu hijo, brindando confianza, claridad y apoyo m\u00e9dico siempre que lo necesites.<\/p>\r\n\r\n    <p>Para informaci\u00f3n m\u00e9dica general actualizada, puedes visitar la <a href=\"https:\/\/www.aeped.es\" target=\"_blank\" rel=\"noopener\" style=\"color:#007B8A; text-decoration:underline;\">Asociaci\u00f3n Espa\u00f1ola de Pediatr\u00eda<\/a>.<\/p>\r\n\r\n  <\/div>\r\n<\/section>\r\n\t\t\t\t<\/div>\n\t\t\t\t<\/div>\n\t\t\t\t<div class=\"elementor-element elementor-element-8716bc0 elementor-widget__width-initial elementor-widget elementor-widget-heading\" data-id=\"8716bc0\" data-element_type=\"widget\" data-e-type=\"widget\" data-widget_type=\"heading.default\">\n\t\t\t\t<div class=\"elementor-widget-container\">\n\t\t\t\t\t<h2 class=\"elementor-heading-title elementor-size-default\"><h2>Formulario de contacto \u2013 Pediatr\u00eda en Gran Alacant<\/h2><\/h2>\t\t\t\t<\/div>\n\t\t\t\t<\/div>\n\t\t\t\t<div class=\"elementor-element elementor-element-dfa4e03 elementor-widget__width-initial elementor-widget elementor-widget-text-editor\" data-id=\"dfa4e03\" data-element_type=\"widget\" data-e-type=\"widget\" data-widget_type=\"text-editor.default\">\n\t\t\t\t<div class=\"elementor-widget-container\">\n\t\t\t\t\t\t\t\t\t<p>\u00bfNecesitas contactar con una consulta de <strong data-start=\"1056\" data-end=\"1085\">pediatr\u00eda en Gran Alacant<\/strong>? La Dra. Katia Herrera ofrece atenci\u00f3n en Gran Alacant, Arenales del Sol y Santa Pola. Puedes escribir por WhatsApp, email o rellenar el siguiente formulario.<\/p>\t\t\t\t\t\t\t\t<\/div>\n\t\t\t\t<\/div>\n\t\t\t\t<div class=\"elementor-element elementor-element-d27744a elementor-button-align-center elementor-widget__width-initial elementor-widget elementor-widget-form\" data-id=\"d27744a\" data-element_type=\"widget\" data-e-type=\"widget\" data-settings=\"{&quot;step_previous_label&quot;:&quot;Previous&quot;,&quot;button_width&quot;:&quot;100&quot;,&quot;step_type&quot;:&quot;number_text&quot;,&quot;step_icon_shape&quot;:&quot;circle&quot;}\" data-widget_type=\"form.default\">\n\t\t\t\t<div class=\"elementor-widget-container\">\n\t\t\t\t\t\t\t<form class=\"elementor-form\" method=\"post\" name=\"New Form\" aria-label=\"New Form\">\n\t\t\t<input type=\"hidden\" name=\"post_id\" value=\"133\"\/>\n\t\t\t<input type=\"hidden\" name=\"form_id\" value=\"d27744a\"\/>\n\t\t\t<input type=\"hidden\" name=\"referer_title\" value=\"Contacto | Pediatr\u00eda En Gran Alacant \u2013 Dra. Katia Herrera\" \/>\n\n\t\t\t\t\t\t\t<input type=\"hidden\" name=\"queried_id\" value=\"133\"\/>\n\t\t\t\n\t\t\t<div class=\"elementor-form-fields-wrapper elementor-labels-above\">\n\t\t\t\t\t\t\t\t<div class=\"elementor-field-type-text elementor-field-group elementor-column elementor-field-group-name elementor-col-100 elementor-field-required\">\n\t\t\t\t\t\t\t\t\t\t\t\t<label for=\"form-field-name\" class=\"elementor-field-label\">\n\t\t\t\t\t\t\t\tNombre:del Paciente:\t\t\t\t\t\t\t<\/label>\n\t\t\t\t\t\t\t\t\t\t\t\t\t\t<input size=\"1\" type=\"text\" name=\"form_fields[name]\" id=\"form-field-name\" class=\"elementor-field elementor-size-sm  elementor-field-textual\" placeholder=\"Nombre\" required=\"required\">\n\t\t\t\t\t\t\t\t\t\t\t<\/div>\n\t\t\t\t\t\t\t\t<div class=\"elementor-field-type-email elementor-field-group elementor-column elementor-field-group-email elementor-col-100 elementor-field-required\">\n\t\t\t\t\t\t\t\t\t\t\t\t<label for=\"form-field-email\" class=\"elementor-field-label\">\n\t\t\t\t\t\t\t\tEmail:\t\t\t\t\t\t\t<\/label>\n\t\t\t\t\t\t\t\t\t\t\t\t\t\t<input size=\"1\" type=\"email\" name=\"form_fields[email]\" id=\"form-field-email\" class=\"elementor-field elementor-size-sm  elementor-field-textual\" placeholder=\"Email\" required=\"required\">\n\t\t\t\t\t\t\t\t\t\t\t<\/div>\n\t\t\t\t\t\t\t\t<div class=\"elementor-field-type-text elementor-field-group elementor-column elementor-field-group-field_1dfc2b7 elementor-col-100 elementor-field-required\">\n\t\t\t\t\t\t\t\t\t\t\t\t<label for=\"form-field-field_1dfc2b7\" class=\"elementor-field-label\">\n\t\t\t\t\t\t\t\tTelefono:\t\t\t\t\t\t\t<\/label>\n\t\t\t\t\t\t\t\t\t\t\t\t\t\t<input size=\"1\" type=\"text\" name=\"form_fields[field_1dfc2b7]\" id=\"form-field-field_1dfc2b7\" class=\"elementor-field elementor-size-sm  elementor-field-textual\" placeholder=\"Tel\u00e9fono\" required=\"required\">\n\t\t\t\t\t\t\t\t\t\t\t<\/div>\n\t\t\t\t\t\t\t\t<div class=\"elementor-field-type-textarea elementor-field-group elementor-column elementor-field-group-message elementor-col-100 elementor-field-required\">\n\t\t\t\t\t\t\t\t\t\t\t\t<label for=\"form-field-message\" class=\"elementor-field-label\">\n\t\t\t\t\t\t\t\tMensaje:\t\t\t\t\t\t\t<\/label>\n\t\t\t\t\t\t<textarea class=\"elementor-field-textual elementor-field  elementor-size-sm\" name=\"form_fields[message]\" id=\"form-field-message\" rows=\"4\" placeholder=\"D\u00edganos aqu\u00ed, en podemos ayudarle:\" required=\"required\"><\/textarea>\t\t\t\t<\/div>\n\t\t\t\t\t\t\t\t<div class=\"elementor-field-group elementor-column elementor-field-type-submit elementor-col-100 e-form__buttons\">\n\t\t\t\t\t<button class=\"elementor-button elementor-size-sm\" type=\"submit\">\n\t\t\t\t\t\t<span class=\"elementor-button-content-wrapper\">\n\t\t\t\t\t\t\t\t\t\t\t\t\t\t\t\t\t\t\t\t\t\t<span class=\"elementor-button-text\">Enviar Consulta<\/span>\n\t\t\t\t\t\t\t\t\t\t\t\t\t<\/span>\n\t\t\t\t\t<\/button>\n\t\t\t\t<\/div>\n\t\t\t<\/div>\n\t\t<\/form>\n\t\t\t\t\t\t<\/div>\n\t\t\t\t<\/div>\n\t\t\t\t<div class=\"elementor-element elementor-element-da8eba5 elementor-widget__width-initial elementor-widget elementor-widget-text-editor\" data-id=\"da8eba5\" data-element_type=\"widget\" data-e-type=\"widget\" data-widget_type=\"text-editor.default\">\n\t\t\t\t<div class=\"elementor-widget-container\">\n\t\t\t\t\t\t\t\t\t<p>Responderemos tu mensaje lo antes posible y en el mismo orden que nos van llegando.<br \/>Muchas Gracias.<\/p>\t\t\t\t\t\t\t\t<\/div>\n\t\t\t\t<\/div>\n\t\t\t\t<\/div>\n\t\t\t\t<\/div>\n\t\t","protected":false},"excerpt":{"rendered":"<p>\ud83d\udcde Pediatr\u00eda en Gran Alacant, Arenales y Santa Pola Contacta con la Dra. Katia Herrera \u00bfEst\u00e1s buscando una pediatra para [&hellip;]<\/p>\n","protected":false},"author":1,"featured_media":0,"parent":0,"menu_order":0,"comment_status":"closed","ping_status":"closed","template":"","meta":{"site-sidebar-layout":"no-sidebar","site-content-layout":"","ast-site-content-layout":"full-width-container","site-content-style":"default","site-sidebar-style":"default","ast-global-header-display":"","ast-banner-title-visibility":"","ast-main-header-display":"","ast-hfb-above-header-display":"","ast-hfb-below-header-display":"","ast-hfb-mobile-header-display":"","site-post-title":"disabled","ast-breadcrumbs-content":"","ast-featured-img":"disabled","footer-sml-layout":"","ast-disable-related-posts":"","theme-transparent-header-meta":"","adv-header-id-meta":"","stick-header-meta":"","header-above-stick-meta":"","header-main-stick-meta":"","header-below-stick-meta":"","astra-migrate-meta-layouts":"default","ast-page-background-enabled":"default","ast-page-background-meta":{"desktop":{"background-color":"var(--ast-global-color-5)","background-image":"","background-repeat":"repeat","background-position":"center center","background-size":"auto","background-attachment":"scroll","background-type":"","background-media":"","overlay-type":"","overlay-color":"","overlay-opacity":"","overlay-gradient":""},"tablet":{"background-color":"","background-image":"","background-repeat":"repeat","background-position":"center center","background-size":"auto","background-attachment":"scroll","background-type":"","background-media":"","overlay-type":"","overlay-color":"","overlay-opacity":"","overlay-gradient":""},"mobile":{"background-color":"","background-image":"","background-repeat":"repeat","background-position":"center center","background-size":"auto","background-attachment":"scroll","background-type":"","background-media":"","overlay-type":"","overlay-color":"","overlay-opacity":"","overlay-gradient":""}},"ast-content-background-meta":{"desktop":{"background-color":"var(--ast-global-color-4)","background-image":"","background-repeat":"repeat","background-position":"center center","background-size":"auto","background-attachment":"scroll","background-type":"","background-media":"","overlay-type":"","overlay-color":"","overlay-opacity":"","overlay-gradient":""},"tablet":{"background-color":"var(--ast-global-color-4)","background-image":"","background-repeat":"repeat","background-position":"center center","background-size":"auto","background-attachment":"scroll","background-type":"","background-media":"","overlay-type":"","overlay-color":"","overlay-opacity":"","overlay-gradient":""},"mobile":{"background-color":"var(--ast-global-color-4)","background-image":"","background-repeat":"repeat","background-position":"center center","background-size":"auto","background-attachment":"scroll","background-type":"","background-media":"","overlay-type":"","overlay-color":"","overlay-opacity":"","overlay-gradient":""}},"footnotes":""},"class_list":["post-133","page","type-page","status-publish","hentry"],"_links":{"self":[{"href":"https:\/\/katiatupediatra.es\/en\/wp-json\/wp\/v2\/pages\/133","targetHints":{"allow":["GET"]}}],"collection":[{"href":"https:\/\/katiatupediatra.es\/en\/wp-json\/wp\/v2\/pages"}],"about":[{"href":"https:\/\/katiatupediatra.es\/en\/wp-json\/wp\/v2\/types\/page"}],"author":[{"embeddable":true,"href":"https:\/\/katiatupediatra.es\/en\/wp-json\/wp\/v2\/users\/1"}],"replies":[{"embeddable":true,"href":"https:\/\/katiatupediatra.es\/en\/wp-json\/wp\/v2\/comments?post=133"}],"version-history":[{"count":54,"href":"https:\/\/katiatupediatra.es\/en\/wp-json\/wp\/v2\/pages\/133\/revisions"}],"predecessor-version":[{"id":1322,"href":"https:\/\/katiatupediatra.es\/en\/wp-json\/wp\/v2\/pages\/133\/revisions\/1322"}],"wp:attachment":[{"href":"https:\/\/katiatupediatra.es\/en\/wp-json\/wp\/v2\/media?parent=133"}],"curies":[{"name":"wp","href":"https:\/\/api.w.org\/{rel}","templated":true}]}}