{"id":1195,"date":"2025-12-07T12:00:07","date_gmt":"2025-12-07T10:00:07","guid":{"rendered":"https:\/\/katiatupediatra.es\/?page_id=1195"},"modified":"2025-12-07T22:11:11","modified_gmt":"2025-12-07T20:11:11","slug":"aseguradoras","status":"publish","type":"page","link":"https:\/\/katiatupediatra.es\/en\/aseguradoras\/","title":{"rendered":"insurance companies"},"content":{"rendered":"<div data-elementor-type=\"wp-page\" data-elementor-id=\"1195\" class=\"elementor elementor-1195\" data-elementor-post-type=\"page\">\n\t\t\t\t<div class=\"elementor-element elementor-element-97f409c e-flex e-con-boxed e-con e-parent\" data-id=\"97f409c\" data-element_type=\"container\" data-e-type=\"container\">\n\t\t\t\t\t<div class=\"e-con-inner\">\n\t\t\t\t<div class=\"elementor-element elementor-element-1b66d54 elementor-widget elementor-widget-spacer\" data-id=\"1b66d54\" data-element_type=\"widget\" data-e-type=\"widget\" data-widget_type=\"spacer.default\">\n\t\t\t\t<div class=\"elementor-widget-container\">\n\t\t\t\t\t\t\t<div class=\"elementor-spacer\">\n\t\t\t<div class=\"elementor-spacer-inner\"><\/div>\n\t\t<\/div>\n\t\t\t\t\t\t<\/div>\n\t\t\t\t<\/div>\n\t\t\t\t<div class=\"elementor-element elementor-element-59c7d02 elementor-widget elementor-widget-heading\" data-id=\"59c7d02\" data-element_type=\"widget\" data-e-type=\"widget\" data-widget_type=\"heading.default\">\n\t\t\t\t<div class=\"elementor-widget-container\">\n\t\t\t\t\t<h2 class=\"elementor-heading-title elementor-size-default\">Insurance companies that accept cash on delivery<\/h2>\t\t\t\t<\/div>\n\t\t\t\t<\/div>\n\t\t\t\t<div class=\"elementor-element elementor-element-7634dc2 elementor-widget elementor-widget-spacer\" data-id=\"7634dc2\" data-element_type=\"widget\" data-e-type=\"widget\" data-widget_type=\"spacer.default\">\n\t\t\t\t<div class=\"elementor-widget-container\">\n\t\t\t\t\t\t\t<div class=\"elementor-spacer\">\n\t\t\t<div class=\"elementor-spacer-inner\"><\/div>\n\t\t<\/div>\n\t\t\t\t\t\t<\/div>\n\t\t\t\t<\/div>\n\t\t\t\t<div class=\"elementor-element elementor-element-e9d5f1b elementor-widget elementor-widget-text-editor\" data-id=\"e9d5f1b\" data-element_type=\"widget\" data-e-type=\"widget\" data-widget_type=\"text-editor.default\">\n\t\t\t\t<div class=\"elementor-widget-container\">\n\t\t\t\t\t\t\t\t\t<div style=\"font-family: sans-serif; font-size: 16px; line-height: 1.6; color: #333; text-align: center; max-width: 900px; margin: 0 auto 30px;\">\n  These insurance companies <strong>They accept our invoice<\/strong> and <strong>They refund between 80% and 100% of the %.<\/strong> of the cost of the consultation, usually between 5 and 15 days later.<br>\n  Check the table below to see if your insurer works with <strong>refund method<\/strong>.<br>\n  <u>Remember: you will have to send the invoice to the insurance company yourself.<\/u> to receive the corresponding amount according to your policy.\n<\/div>\n\t\t\t\t\t\t\t\t<\/div>\n\t\t\t\t<\/div>\n\t\t\t\t<div class=\"elementor-element elementor-element-58fbf47 elementor-widget elementor-widget-html\" data-id=\"58fbf47\" data-element_type=\"widget\" data-e-type=\"widget\" data-widget_type=\"html.default\">\n\t\t\t\t<div class=\"elementor-widget-container\">\n\t\t\t\t\t<style>\r\n.logo-carousel-container {\r\n  overflow: hidden;\r\n  width: 100%;\r\n  padding: 10px 0;\r\n}\r\n\r\n.logo-carousel-track {\r\n  display: flex;\r\n  width: max-content;\r\n  animation: scrollLogos 30s linear infinite;\r\n}\r\n\r\n.logo-carousel-track img {\r\n  height: 60px;\r\n  margin: 0 25px;\r\n  object-fit: contain;\r\n}\r\n\r\n@keyframes scrollLogos {\r\n  0% { transform: translateX(0); }\r\n  100% { transform: translateX(-50%); }\r\n}\r\n<\/style>\r\n\r\n<div class=\"logo-carousel-container\">\r\n  <div class=\"logo-carousel-track\">\r\n    <!-- Primera pasada -->\r\n    <a href=\"https:\/\/www.sanitas.es\" target=\"_blank\" rel=\"noopener\"><img decoding=\"async\" src=\"https:\/\/katiatupediatra.es\/wp-content\/uploads\/2025\/12\/Sanitas.png\" alt=\"Sanitas\"><\/a>\r\n    <a href=\"https:\/\/www.segurcaixaadeslas.es\" target=\"_blank\" rel=\"noopener\"><img decoding=\"async\" src=\"https:\/\/katiatupediatra.es\/wp-content\/uploads\/2025\/12\/Adeslas.png\" alt=\"Adeslas\"><\/a>\r\n    <a href=\"https:\/\/dkv.es\" target=\"_blank\" rel=\"noopener\"><img decoding=\"async\" src=\"https:\/\/katiatupediatra.es\/wp-content\/uploads\/2025\/12\/DKV.png\" alt=\"DKV\"><\/a>\r\n    <a href=\"https:\/\/www.mapfre.es\/seguros\/personas\/salud\/\" target=\"_blank\" rel=\"noopener\"><img decoding=\"async\" src=\"https:\/\/katiatupediatra.es\/wp-content\/uploads\/2025\/12\/Mapfre.png\" alt=\"Mapfre\"><\/a>\r\n    <a href=\"https:\/\/www.asisa.es\" target=\"_blank\" rel=\"noopener\"><img decoding=\"async\" src=\"https:\/\/katiatupediatra.es\/wp-content\/uploads\/2025\/12\/Asisa.png\" alt=\"Asisa\"><\/a>\r\n    <a href=\"https:\/\/www.axa.es\/seguros-salud\" target=\"_blank\" rel=\"noopener\"><img decoding=\"async\" src=\"https:\/\/katiatupediatra.es\/wp-content\/uploads\/2025\/12\/axa.png\" alt=\"AXA\"><\/a>\r\n    <a href=\"https:\/\/www.caser.es\/seguros-de-salud\" target=\"_blank\" rel=\"noopener\"><img decoding=\"async\" src=\"https:\/\/katiatupediatra.es\/wp-content\/uploads\/2025\/12\/Caser.png\" alt=\"Caser\"><\/a>\r\n    <a href=\"https:\/\/www.aegon.es\/seguros\/salud\" target=\"_blank\" rel=\"noopener\"><img decoding=\"async\" src=\"https:\/\/katiatupediatra.es\/wp-content\/uploads\/2025\/12\/Aegon.png\" alt=\"Aegon\"><\/a>\r\n    <a href=\"https:\/\/www.allianz.es\/seguro-medico.html\" target=\"_blank\" rel=\"noopener\"><img decoding=\"async\" src=\"https:\/\/katiatupediatra.es\/wp-content\/uploads\/2025\/12\/Allianz.jpeg\" alt=\"Allianz\"><\/a>\r\n\r\n    <!-- Duplicados para bucle perfecto -->\r\n    <a href=\"https:\/\/www.sanitas.es\" target=\"_blank\" rel=\"noopener\"><img decoding=\"async\" src=\"https:\/\/katiatupediatra.es\/wp-content\/uploads\/2025\/12\/Sanitas.png\" alt=\"Sanitas\"><\/a>\r\n    <a href=\"https:\/\/www.segurcaixaadeslas.es\" target=\"_blank\" rel=\"noopener\"><img decoding=\"async\" src=\"https:\/\/katiatupediatra.es\/wp-content\/uploads\/2025\/12\/Adeslas.png\" alt=\"Adeslas\"><\/a>\r\n    <a href=\"https:\/\/dkv.es\" target=\"_blank\" rel=\"noopener\"><img decoding=\"async\" src=\"https:\/\/katiatupediatra.es\/wp-content\/uploads\/2025\/12\/DKV.png\" alt=\"DKV\"><\/a>\r\n    <a href=\"https:\/\/www.mapfre.es\/seguros\/personas\/salud\/\" target=\"_blank\" rel=\"noopener\"><img decoding=\"async\" src=\"https:\/\/katiatupediatra.es\/wp-content\/uploads\/2025\/12\/Mapfre.png\" alt=\"Mapfre\"><\/a>\r\n    <a href=\"https:\/\/www.asisa.es\" target=\"_blank\" rel=\"noopener\"><img decoding=\"async\" src=\"https:\/\/katiatupediatra.es\/wp-content\/uploads\/2025\/12\/Asisa.png\" alt=\"Asisa\"><\/a>\r\n    <a href=\"https:\/\/www.axa.es\/seguros-salud\" target=\"_blank\" rel=\"noopener\"><img decoding=\"async\" src=\"https:\/\/katiatupediatra.es\/wp-content\/uploads\/2025\/12\/axa.png\" alt=\"AXA\"><\/a>\r\n    <a href=\"https:\/\/www.caser.es\/seguros-de-salud\" target=\"_blank\" rel=\"noopener\"><img decoding=\"async\" src=\"https:\/\/katiatupediatra.es\/wp-content\/uploads\/2025\/12\/Caser.png\" alt=\"Caser\"><\/a>\r\n    <a href=\"https:\/\/www.aegon.es\/seguros\/salud\" target=\"_blank\" rel=\"noopener\"><img decoding=\"async\" src=\"https:\/\/katiatupediatra.es\/wp-content\/uploads\/2025\/12\/Caser.png\" alt=\"Aegon\"><\/a>\r\n    <a href=\"https:\/\/www.allianz.es\/seguro-medico.html\" target=\"_blank\" rel=\"noopener\"><img decoding=\"async\" src=\"https:\/\/katiatupediatra.es\/wp-content\/uploads\/2025\/12\/Allianz.jpeg\" alt=\"Allianz\"><\/a>\r\n  <\/div>\r\n<\/div>\r\n\t\t\t\t<\/div>\n\t\t\t\t<\/div>\n\t\t\t\t<div class=\"elementor-element elementor-element-5df3d58 elementor-widget elementor-widget-html\" data-id=\"5df3d58\" data-element_type=\"widget\" data-e-type=\"widget\" data-widget_type=\"html.default\">\n\t\t\t\t<div class=\"elementor-widget-container\">\n\t\t\t\t\t<style>\r\n@media (max-width: 768px) {\r\n  .col-anual,\r\n  .col-anual th,\r\n  .col-anual td {\r\n    display: none !important;\r\n  }\r\n}\r\n<\/style>\r\n\r\n<div style=\"overflow-x:auto;\">\r\n  <table style=\"width:100%; border-collapse: collapse; font-family: sans-serif; font-size: 14px; text-align: center;\">\r\n    <thead>\r\n      <tr style=\"background-color:#0073aa; color:#fff;\">\r\n        <th style=\"padding:10px; border:1px solid #ddd; vertical-align: middle;\">Insurance company (Link)<\/th>\r\n        <th style=\"padding:10px; border:1px solid #ddd; vertical-align: middle;\">Policy<\/th>\r\n        <th class=\"col-anual\" style=\"padding:10px; border:1px solid #ddd; vertical-align: middle;\">Annual coverage<\/th>\r\n        <th style=\"padding:10px; border:1px solid #ddd; vertical-align: middle;\">% that covers<\/th>\r\n        <th style=\"padding:10px; border:1px solid #ddd; vertical-align: middle;\">Does it cover pharmacy?<\/th>\r\n      <\/tr>\r\n    <\/thead>\r\n    <tbody>\r\n      <tr>\r\n        <td><a href=\"https:\/\/www.sanitas.es\" target=\"_blank\" style=\"color:#0073aa; text-decoration:none;\" rel=\"noopener\">Sanitas<\/a><\/td>\r\n        <td>Premium 500<\/td><td class=\"col-anual\">500.000 \u20ac<\/td><td>90%<\/td><td>Yes, up to \u20ac200\/year<\/td>\r\n      <\/tr>\r\n      <tr>\r\n        <td><a href=\"https:\/\/www.sanitas.es\" target=\"_blank\" style=\"color:#0073aa; text-decoration:none;\" rel=\"noopener\">Sanitas<\/a><\/td>\r\n        <td>Over 90<\/td><td class=\"col-anual\">90.000 \u20ac<\/td><td>80%<\/td><td>Yes, up to \u20ac200\/year<\/td>\r\n      <\/tr>\r\n      <tr>\r\n        <td><a href=\"https:\/\/www.segurcaixaadeslas.es\" target=\"_blank\" style=\"color:#0073aa; text-decoration:none;\" rel=\"noopener\">Adeslas<\/a><\/td>\r\n        <td>Plena Extra 150<\/td><td class=\"col-anual\">150.000 \u20ac<\/td><td>80%<\/td><td>No<\/td>\r\n      <\/tr>\r\n      <tr>\r\n        <td><a href=\"https:\/\/www.segurcaixaadeslas.es\" target=\"_blank\" style=\"color:#0073aa; text-decoration:none;\" rel=\"noopener\">Adeslas<\/a><\/td>\r\n        <td>Plena Extra 240<\/td><td class=\"col-anual\">240.000 \u20ac<\/td><td>80%<\/td><td>No<\/td>\r\n      <\/tr>\r\n      <tr>\r\n        <td><a href=\"https:\/\/www.segurcaixaadeslas.es\" target=\"_blank\" style=\"color:#0073aa; text-decoration:none;\" rel=\"noopener\">Adeslas<\/a><\/td>\r\n        <td>Premier<\/td><td class=\"col-anual\">1.000.000 \u20ac<\/td><td>90%<\/td><td>Yes, up to \u20ac150\/year<\/td>\r\n      <\/tr>\r\n      <tr>\r\n        <td><a href=\"https:\/\/www.mapfre.es\/seguros\/personas\/salud\/\" target=\"_blank\" style=\"color:#0073aa; text-decoration:none;\" rel=\"noopener\">Mapfre<\/a><\/td>\r\n        <td>Health Reimbursement 250K<\/td><td class=\"col-anual\">250.000 \u20ac<\/td><td>80\u201390%<\/td><td>Yes, up to \u20ac100\/year<\/td>\r\n      <\/tr>\r\n      <tr>\r\n        <td><a href=\"https:\/\/www.mapfre.es\/seguros\/personas\/salud\/\" target=\"_blank\" style=\"color:#0073aa; text-decoration:none;\" rel=\"noopener\">Mapfre<\/a><\/td>\r\n        <td>Elite Health<\/td><td class=\"col-anual\">1.500.000 \u20ac<\/td><td>90%<\/td><td>Yes, up to \u20ac200\/year<\/td>\r\n      <\/tr>\r\n      <tr>\r\n        <td><a href=\"https:\/\/www.asisa.es\" target=\"_blank\" style=\"color:#0073aa; text-decoration:none;\" rel=\"noopener\">Asisa<\/a><\/td>\r\n        <td>Optima Plus<\/td><td class=\"col-anual\">240.000 \u20ac<\/td><td>90%<\/td><td>No<\/td>\r\n      <\/tr>\r\n      <tr>\r\n        <td><a href=\"https:\/\/dkv.es\" target=\"_blank\" style=\"color:#0073aa; text-decoration:none;\" rel=\"noopener\">DKV<\/a><\/td>\r\n        <td>Mundisalud Classic<\/td><td class=\"col-anual\">Approx. \u20ac106,000.<\/td><td>80% (ESP), 90% (EXT)<\/td><td>No<\/td>\r\n      <\/tr>\r\n      <tr>\r\n        <td><a href=\"https:\/\/dkv.es\" target=\"_blank\" style=\"color:#0073aa; text-decoration:none;\" rel=\"noopener\">DKV<\/a><\/td>\r\n        <td>Mundisalud Elite<\/td><td class=\"col-anual\">Approx. \u20ac237,000.<\/td><td>90% (ESP), 90% (EXT)<\/td><td>No<\/td>\r\n      <\/tr>\r\n      <tr>\r\n        <td><a href=\"https:\/\/dkv.es\" target=\"_blank\" style=\"color:#0073aa; text-decoration:none;\" rel=\"noopener\">DKV<\/a><\/td>\r\n        <td>Top Health<\/td><td class=\"col-anual\">Without limit<\/td><td>100%<\/td><td>Yes, without limit.<\/td>\r\n      <\/tr>\r\n      <tr>\r\n        <td><a href=\"https:\/\/www.axa.es\/seguros-salud\" target=\"_blank\" style=\"color:#0073aa; text-decoration:none;\" rel=\"noopener\">AXA<\/a><\/td>\r\n        <td>Optima Plus<\/td><td class=\"col-anual\">Approx. \u20ac180,000.<\/td><td>90% (ESP), 80% (EXT)<\/td><td>Yes, up to \u20ac150\/year<\/td>\r\n      <\/tr>\r\n      <tr>\r\n        <td><a href=\"https:\/\/www.caser.es\/seguros-de-salud\" target=\"_blank\" style=\"color:#0073aa; text-decoration:none;\" rel=\"noopener\">Caser<\/a><\/td>\r\n        <td>Prestige<\/td><td class=\"col-anual\">210.000 \u20ac<\/td><td>80% consultations, 90% hospital<\/td><td>Yes, up to \u20ac100\/year<\/td>\r\n      <\/tr>\r\n      <tr>\r\n        <td><a href=\"https:\/\/www.aegon.es\/seguros\/salud\" target=\"_blank\" style=\"color:#0073aa; text-decoration:none;\" rel=\"noopener\">Aegon<\/a><\/td>\r\n        <td>Health Reimbursement<\/td><td class=\"col-anual\">\u20ac100,000 (estimated)<\/td><td>80%<\/td><td>No<\/td>\r\n      <\/tr>\r\n      <tr>\r\n        <td><a href=\"https:\/\/www.allianz.es\/seguro-medico.html\" target=\"_blank\" style=\"color:#0073aa; text-decoration:none;\" rel=\"noopener\">Allianz<\/a><\/td>\r\n        <td>Health Reimbursement<\/td><td class=\"col-anual\">Approx. \u20ac110,000.<\/td><td>90%<\/td><td>No<\/td>\r\n      <\/tr>\r\n    <\/tbody>\r\n  <\/table>\r\n<\/div>\r\n\t\t\t\t<\/div>\n\t\t\t\t<\/div>\n\t\t\t\t<div class=\"elementor-element elementor-element-6a8e8d7 elementor-widget elementor-widget-spacer\" data-id=\"6a8e8d7\" data-element_type=\"widget\" data-e-type=\"widget\" data-widget_type=\"spacer.default\">\n\t\t\t\t<div class=\"elementor-widget-container\">\n\t\t\t\t\t\t\t<div class=\"elementor-spacer\">\n\t\t\t<div class=\"elementor-spacer-inner\"><\/div>\n\t\t<\/div>\n\t\t\t\t\t\t<\/div>\n\t\t\t\t<\/div>\n\t\t\t\t\t<\/div>\n\t\t\t\t<\/div>\n\t\t<div class=\"elementor-element elementor-element-f0335a5 e-flex e-con-boxed e-con e-parent\" data-id=\"f0335a5\" data-element_type=\"container\" data-e-type=\"container\">\n\t\t\t\t\t<div class=\"e-con-inner\">\n\t\t\t\t<div class=\"elementor-element elementor-element-63c7731 elementor-widget elementor-widget-heading\" data-id=\"63c7731\" data-element_type=\"widget\" data-e-type=\"widget\" data-widget_type=\"heading.default\">\n\t\t\t\t<div class=\"elementor-widget-container\">\n\t\t\t\t\t<h2 class=\"elementor-heading-title elementor-size-default\">Recommended travel insurance and coverage<\/h2>\t\t\t\t<\/div>\n\t\t\t\t<\/div>\n\t\t\t\t<div class=\"elementor-element elementor-element-ae155cb elementor-widget elementor-widget-spacer\" data-id=\"ae155cb\" data-element_type=\"widget\" data-e-type=\"widget\" data-widget_type=\"spacer.default\">\n\t\t\t\t<div class=\"elementor-widget-container\">\n\t\t\t\t\t\t\t<div class=\"elementor-spacer\">\n\t\t\t<div class=\"elementor-spacer-inner\"><\/div>\n\t\t<\/div>\n\t\t\t\t\t\t<\/div>\n\t\t\t\t<\/div>\n\t\t\t\t<div class=\"elementor-element elementor-element-656f8c3 elementor-widget elementor-widget-text-editor\" data-id=\"656f8c3\" data-element_type=\"widget\" data-e-type=\"widget\" data-widget_type=\"text-editor.default\">\n\t\t\t\t<div class=\"elementor-widget-container\">\n\t\t\t\t\t\t\t\t\t<div style=\"font-family: sans-serif; font-size: 16px; line-height: 1.6; color: #333; text-align: center; max-width: 900px; margin: 0 auto 30px;\">\n\n<b>If you are going to travel abroad or come to Spain, don&#039;t do it without health insurance.\n<\/b><span style=\"font-style: inherit;\"><span style=\"font-weight: inherit;\">A simple unexpected event can turn into a major expense if you&#039;re not covered. These international insurance policies offer you quality medical assistance worldwide, including private consultations, hospitalization, and fast reimbursements.<\/span>\n<\/span><strong style=\"font-style: inherit;\">Recommended for tourists, students, families, and frequent travelers<\/strong><span style=\"font-style: inherit; font-weight: inherit;\">, They are perfect if you want peace of mind knowing that you and your loved ones are protected from day one.<\/span>\n\nCheck out the most comprehensive options here and choose the one that best suits you.\n\n<\/div>\t\t\t\t\t\t\t\t<\/div>\n\t\t\t\t<\/div>\n\t\t\t\t<div class=\"elementor-element elementor-element-679a6a7 elementor-widget elementor-widget-html\" data-id=\"679a6a7\" data-element_type=\"widget\" data-e-type=\"widget\" data-widget_type=\"html.default\">\n\t\t\t\t<div class=\"elementor-widget-container\">\n\t\t\t\t\t<style>\r\n.logo-row-container {\r\n  display: flex;\r\n  justify-content: center;\r\n  align-items: center;\r\n  gap: 40px;\r\n  flex-wrap: wrap;\r\n  padding: 20px 0;\r\n}\r\n\r\n.logo-row-container img {\r\n  height: 60px;\r\n  object-fit: contain;\r\n}\r\n<\/style>\r\n\r\n<div class=\"logo-row-container\">\r\n  <a href=\"https:\/\/www.intermundial.es\/\" target=\"_blank\" rel=\"noopener\">\r\n    <img decoding=\"async\" src=\"https:\/\/katiatupediatra.es\/wp-content\/uploads\/2025\/12\/Intermundial.jpeg\" alt=\"Intermundial\">\r\n  <\/a>\r\n  <a href=\"https:\/\/www.chapkadirect.es\/\" target=\"_blank\" rel=\"noopener\">\r\n    <img decoding=\"async\" src=\"https:\/\/katiatupediatra.es\/wp-content\/uploads\/2025\/12\/Chapka.png\" alt=\"Chapka\">\r\n  <\/a>\r\n  <a href=\"https:\/\/heymondo.es\/\" target=\"_blank\" rel=\"noopener\">\r\n    <img decoding=\"async\" src=\"https:\/\/katiatupediatra.es\/wp-content\/uploads\/2025\/12\/Heymondo.png\" alt=\"Heymondo\">\r\n  <\/a>\r\n  <a href=\"https:\/\/www.iatiseguros.com\/\" target=\"_blank\" rel=\"noopener\">\r\n    <img decoding=\"async\" src=\"https:\/\/katiatupediatra.es\/wp-content\/uploads\/2025\/12\/Iati.png\" alt=\"IATI\">\r\n  <\/a>\r\n  <a href=\"https:\/\/www.axa-assistance-segurodeviaje.es\/\" target=\"_blank\" rel=\"noopener\">\r\n    <img decoding=\"async\" src=\"https:\/\/katiatupediatra.es\/wp-content\/uploads\/2025\/12\/axa.png\" alt=\"AXA Assistance\">\r\n  <\/a>\r\n<\/div>\r\n\t\t\t\t<\/div>\n\t\t\t\t<\/div>\n\t\t\t\t\t<\/div>\n\t\t\t\t<\/div>\n\t\t<div class=\"elementor-element elementor-element-7e2fe19 e-flex e-con-boxed e-con e-parent\" data-id=\"7e2fe19\" data-element_type=\"container\" data-e-type=\"container\">\n\t\t\t\t\t<div class=\"e-con-inner\">\n\t\t\t\t<div class=\"elementor-element elementor-element-0f849b0 elementor-widget elementor-widget-html\" data-id=\"0f849b0\" data-element_type=\"widget\" data-e-type=\"widget\" data-widget_type=\"html.default\">\n\t\t\t\t<div class=\"elementor-widget-container\">\n\t\t\t\t\t<div style=\"overflow-x:auto;\">\r\n  <table style=\"width:100%; border-collapse: collapse; font-family: sans-serif; font-size: 14px; text-align: center;\">\r\n    <thead>\r\n      <tr style=\"background-color:#0073aa; color:#fff;\">\r\n        <th style=\"padding:12px; border:1px solid #ddd; vertical-align: middle;\">Company (Link)<\/th>\r\n        <th style=\"padding:12px; border:1px solid #ddd; vertical-align: middle;\">Price<\/th>\r\n        <th style=\"padding:12px; border:1px solid #ddd; vertical-align: middle;\">Medical coverage<\/th>\r\n        <th style=\"padding:12px; border:1px solid #ddd; vertical-align: middle;\">Countries covered<\/th>\r\n      <\/tr>\r\n    <\/thead>\r\n    <tbody>\r\n      <tr>\r\n        <td><a href=\"https:\/\/www.intermundial.es\/\" target=\"_blank\" style=\"color:#0073aa; text-decoration:none;\" rel=\"noopener\">Intermundial<\/a><\/td>\r\n        <td>\u20ac<\/td>\r\n        <td>100% up to \u20ac5,000,000<\/td>\r\n        <td>Everyone<\/td>\r\n      <\/tr>\r\n      <tr>\r\n        <td><a href=\"https:\/\/www.chapkadirect.es\/\" target=\"_blank\" style=\"color:#0073aa; text-decoration:none;\" rel=\"noopener\">Chapka<\/a><\/td>\r\n        <td>\u20ac<\/td>\r\n        <td>100% up to \u20ac1,000,000<\/td>\r\n        <td>Everyone<\/td>\r\n      <\/tr>\r\n      <tr>\r\n        <td><a href=\"https:\/\/heymondo.es\/\" target=\"_blank\" style=\"color:#0073aa; text-decoration:none;\" rel=\"noopener\">Heymondo<\/a><\/td>\r\n        <td>\u20ac\u20ac<\/td>\r\n        <td>100% up to \u20ac3,000,000<\/td>\r\n        <td>Everyone<\/td>\r\n      <\/tr>\r\n      <tr>\r\n        <td><a href=\"https:\/\/www.iatiseguros.com\/\" target=\"_blank\" style=\"color:#0073aa; text-decoration:none;\" rel=\"noopener\">IATI Insurance<\/a><\/td>\r\n        <td>\u20ac\u20ac<\/td>\r\n        <td>100% unlimited<\/td>\r\n        <td>Everyone<\/td>\r\n      <\/tr>\r\n      <tr>\r\n        <td><a href=\"https:\/\/www.axa-assistance-segurodeviaje.es\/\" target=\"_blank\" style=\"color:#0073aa; text-decoration:none;\" rel=\"noopener\">AXA Assistance<\/a><\/td>\r\n        <td>\u20ac\u20ac\u20ac<\/td>\r\n        <td>100% up to \u20ac1,000,000<\/td>\r\n        <td>Everyone<\/td>\r\n      <\/tr>\r\n    <\/tbody>\r\n  <\/table>\r\n<\/div>\r\n\t\t\t\t<\/div>\n\t\t\t\t<\/div>\n\t\t\t\t\t<\/div>\n\t\t\t\t<\/div>\n\t\t\t\t<\/div>","protected":false},"excerpt":{"rendered":"<p>Aseguradoras que aceptan Contra-rembolso \u00c9stas compa\u00f1\u00edas de seguros aceptan nuestra factura y reembolsan entre el 80\u202f% y 100\u202f% del coste [&hellip;]<\/p>\n","protected":false},"author":1,"featured_media":0,"parent":0,"menu_order":0,"comment_status":"closed","ping_status":"closed","template":"","meta":{"site-sidebar-layout":"no-sidebar","site-content-layout":"","ast-site-content-layout":"full-width-container","site-content-style":"default","site-sidebar-style":"default","ast-global-header-display":"","ast-banner-title-visibility":"","ast-main-header-display":"","ast-hfb-above-header-display":"","ast-hfb-below-header-display":"","ast-hfb-mobile-header-display":"","site-post-title":"disabled","ast-breadcrumbs-content":"","ast-featured-img":"disabled","footer-sml-layout":"","ast-disable-related-posts":"","theme-transparent-header-meta":"","adv-header-id-meta":"","stick-header-meta":"","header-above-stick-meta":"","header-main-stick-meta":"","header-below-stick-meta":"","astra-migrate-meta-layouts":"default","ast-page-background-enabled":"default","ast-page-background-meta":{"desktop":{"background-color":"var(--ast-global-color-5)","background-image":"","background-repeat":"repeat","background-position":"center center","background-size":"auto","background-attachment":"scroll","background-type":"","background-media":"","overlay-type":"","overlay-color":"","overlay-opacity":"","overlay-gradient":""},"tablet":{"background-color":"","background-image":"","background-repeat":"repeat","background-position":"center center","background-size":"auto","background-attachment":"scroll","background-type":"","background-media":"","overlay-type":"","overlay-color":"","overlay-opacity":"","overlay-gradient":""},"mobile":{"background-color":"","background-image":"","background-repeat":"repeat","background-position":"center center","background-size":"auto","background-attachment":"scroll","background-type":"","background-media":"","overlay-type":"","overlay-color":"","overlay-opacity":"","overlay-gradient":""}},"ast-content-background-meta":{"desktop":{"background-color":"var(--ast-global-color-4)","background-image":"","background-repeat":"repeat","background-position":"center center","background-size":"auto","background-attachment":"scroll","background-type":"","background-media":"","overlay-type":"","overlay-color":"","overlay-opacity":"","overlay-gradient":""},"tablet":{"background-color":"var(--ast-global-color-4)","background-image":"","background-repeat":"repeat","background-position":"center center","background-size":"auto","background-attachment":"scroll","background-type":"","background-media":"","overlay-type":"","overlay-color":"","overlay-opacity":"","overlay-gradient":""},"mobile":{"background-color":"var(--ast-global-color-4)","background-image":"","background-repeat":"repeat","background-position":"center center","background-size":"auto","background-attachment":"scroll","background-type":"","background-media":"","overlay-type":"","overlay-color":"","overlay-opacity":"","overlay-gradient":""}},"footnotes":""},"class_list":["post-1195","page","type-page","status-publish","hentry"],"_links":{"self":[{"href":"https:\/\/katiatupediatra.es\/en\/wp-json\/wp\/v2\/pages\/1195","targetHints":{"allow":["GET"]}}],"collection":[{"href":"https:\/\/katiatupediatra.es\/en\/wp-json\/wp\/v2\/pages"}],"about":[{"href":"https:\/\/katiatupediatra.es\/en\/wp-json\/wp\/v2\/types\/page"}],"author":[{"embeddable":true,"href":"https:\/\/katiatupediatra.es\/en\/wp-json\/wp\/v2\/users\/1"}],"replies":[{"embeddable":true,"href":"https:\/\/katiatupediatra.es\/en\/wp-json\/wp\/v2\/comments?post=1195"}],"version-history":[{"count":31,"href":"https:\/\/katiatupediatra.es\/en\/wp-json\/wp\/v2\/pages\/1195\/revisions"}],"predecessor-version":[{"id":1249,"href":"https:\/\/katiatupediatra.es\/en\/wp-json\/wp\/v2\/pages\/1195\/revisions\/1249"}],"wp:attachment":[{"href":"https:\/\/katiatupediatra.es\/en\/wp-json\/wp\/v2\/media?parent=1195"}],"curies":[{"name":"wp","href":"https:\/\/api.w.org\/{rel}","templated":true}]}}